{"id":1870,"date":"2026-01-05T10:35:02","date_gmt":"2026-01-05T13:35:02","guid":{"rendered":"https:\/\/habanaboxing.cl\/egana\/?post_type=product&#038;p=1870"},"modified":"2026-04-09T09:24:03","modified_gmt":"2026-04-09T12:24:03","slug":"clase-de-prueba","status":"publish","type":"product","link":"https:\/\/habanaboxing.cl\/egana\/producto\/clase-de-prueba\/","title":{"rendered":"Clase de Prueba"},"content":{"rendered":"<p data-start=\"64\" data-end=\"93\"><strong data-start=\"64\" data-end=\"93\">Clase de Prueba \u2013 $10.000<\/strong><\/p>\n<p>&nbsp;<\/p>\n<p data-start=\"95\" data-end=\"240\">Vive la experiencia Habana y prueba cualquiera de nuestras clases: <strong data-start=\"162\" data-end=\"218\">Habana Training, Habana Power Box o Habana Funcional<\/strong> por solo <strong data-start=\"228\" data-end=\"239\">$10.000<\/strong>.<\/p>\n<p data-start=\"242\" data-end=\"370\">Podr\u00e1s asistir a una clase real, conocer nuestra metodolog\u00eda y sentir la energ\u00eda de entrenar con la <strong data-start=\"342\" data-end=\"369\">Escuela Cubana de Boxeo<\/strong>.<\/p>\n<p data-start=\"372\" data-end=\"573\">Y lo mejor:<br data-start=\"383\" data-end=\"386\" \/><strong data-start=\"575\" data-end=\"627\" data-is-last-node=\"\"><span style=\"color: #fdab2f;\">Si despu\u00e9s de probar decides contratar unos de nuestro planes<\/span><\/strong>\u00a0<strong data-start=\"449\" data-end=\"506\">los $10.000 se abonan \u00edntegramente al pago de tu plan<\/strong>.<br data-start=\"507\" data-end=\"510\" \/>\u00a1Tu prueba se transforma en tu primera inversi\u00f3n en tu proceso!<\/p>\n<p data-start=\"575\" data-end=\"627\" data-is-last-node=\"\" data-is-only-node=\"\"><strong data-start=\"575\" data-end=\"627\" data-is-last-node=\"\">Reserva tu clase de prueba y entrena como nunca.<\/strong><\/p>\n<p>&nbsp;<\/p>\n","protected":false},"excerpt":{"rendered":"<p data-start=\"95\" data-end=\"240\">Vive la experiencia Habana y prueba cualquiera de nuestras clases:<\/p>\n<p><strong data-start=\"575\" data-end=\"627\" data-is-last-node=\"\"><span style=\"color: #fdab2f;\">Si despu\u00e9s de probar decides contratar unos de nuestro planes<\/span><\/strong>\u00a0<strong data-start=\"449\" data-end=\"506\">los $10.000 se abonan \u00edntegramente al pago de tu plan<\/strong>.<br data-start=\"507\" data-end=\"510\" \/>\u00a1Tu prueba se transforma en tu primera inversi\u00f3n en tu proceso!<\/p>\n<p><strong data-start=\"575\" data-end=\"627\" data-is-last-node=\"\"><span style=\"color: #fdab2f;\">Habana Training: <\/span><\/strong>Entrenamiento que mezcla cardio, ejercicios funcionales y de fuerza junto con la ESCUELA CUBANA DE BOXEO para aprender la t\u00e9cnica y aplicarla en un trabajo dirigido junto a un compa\u00f1ero y al saco. TODO p\u00fablico<\/p>\n<p><strong data-start=\"575\" data-end=\"627\" data-is-last-node=\"\"><span style=\"color: #fdab2f;\">Habana Power box:\u00a0<\/span><\/strong>Es un entrenamiento fisico intenso (HIIT) que combina actividad aer\u00f3bica y trabajo muscular mediante el golpeo al saco de boxeo y trabajos de fuerza. Su objetivo principal es la quema de grasa, y un aumento de la resistencia cardiovascular y fuerza muscular. TODO p\u00fablico<\/p>\n<p><strong data-start=\"575\" data-end=\"627\" data-is-last-node=\"\"><span style=\"color: #fdab2f;\">Habana Funcional: <\/span><\/strong>Habana funcional es dirigida por nuestro kinesi\u00f3logo. Es una clase de entrenamiento full body, de fuerza y potencia. Pensada para que puedas realizar movimientos m\u00e1s eficientes, as\u00ed mejorar tu RENDIMIENTO EN EL BOXEO y reducir el riesgo de lesi\u00f3n. TODO p\u00fablico.<\/p>\n<p><strong data-start=\"575\" data-end=\"627\" data-is-last-node=\"\"><span style=\"color: #fdab2f;\">Habana Boxeo: <\/span><\/strong>Una clase especial para quienes quieren llevar su boxeo a otro nivel y aprender a hacer sparring, que es un combate con compa\u00f1er@s guiado por los mejores entrenadores de gran nivel internacional, todo en un ambiente seguro y de camarader\u00eda. Recomendada para gente con experiencia previa en trabajo en pareja.<br \/>\nRequisito: Traer cabezal y protector bucal.<br \/>\n<br data-start=\"507\" data-end=\"510\" \/><strong>\u00a1Tu prueba se transforma en tu primera inversi\u00f3n en tu proceso!<\/strong><\/p>\n","protected":false},"featured_media":1871,"comment_status":"open","ping_status":"closed","template":"","meta":{"_acf_changed":false},"product_brand":[],"product_cat":[15],"product_tag":[],"class_list":{"0":"post-1870","1":"product","2":"type-product","3":"status-publish","4":"has-post-thumbnail","6":"product_cat-sin-categoria","8":"first","9":"instock","10":"taxable","11":"shipping-taxable","12":"purchasable","13":"product-type-variable"},"acf":[],"_links":{"self":[{"href":"https:\/\/habanaboxing.cl\/egana\/wp-json\/wp\/v2\/product\/1870","targetHints":{"allow":["GET"]}}],"collection":[{"href":"https:\/\/habanaboxing.cl\/egana\/wp-json\/wp\/v2\/product"}],"about":[{"href":"https:\/\/habanaboxing.cl\/egana\/wp-json\/wp\/v2\/types\/product"}],"replies":[{"embeddable":true,"href":"https:\/\/habanaboxing.cl\/egana\/wp-json\/wp\/v2\/comments?post=1870"}],"wp:featuredmedia":[{"embeddable":true,"href":"https:\/\/habanaboxing.cl\/egana\/wp-json\/wp\/v2\/media\/1871"}],"wp:attachment":[{"href":"https:\/\/habanaboxing.cl\/egana\/wp-json\/wp\/v2\/media?parent=1870"}],"wp:term":[{"taxonomy":"product_brand","embeddable":true,"href":"https:\/\/habanaboxing.cl\/egana\/wp-json\/wp\/v2\/product_brand?post=1870"},{"taxonomy":"product_cat","embeddable":true,"href":"https:\/\/habanaboxing.cl\/egana\/wp-json\/wp\/v2\/product_cat?post=1870"},{"taxonomy":"product_tag","embeddable":true,"href":"https:\/\/habanaboxing.cl\/egana\/wp-json\/wp\/v2\/product_tag?post=1870"}],"curies":[{"name":"wp","href":"https:\/\/api.w.org\/{rel}","templated":true}]}}